{"id":22,"date":"2013-05-08T16:43:11","date_gmt":"2013-05-08T16:43:11","guid":{"rendered":"https:\/\/www.sebastianlondono.com\/?page_id=22"},"modified":"2013-08-01T14:28:44","modified_gmt":"2013-08-01T19:28:44","slug":"inteligencia-de-negocios","status":"publish","type":"page","link":"https:\/\/www.sebastianlondono.com\/?page_id=22","title":{"rendered":"<!--:en-->Business Intelligence <!--:--><!--:es-->Inteligencia de Negocios<!--:-->"},"content":{"rendered":"<p><!--:en-->Es un componente neur\u00e1lgico de los Sistemas de Soporte a la Toma de Decisiones en las Organizaciones. Esta tecnolog\u00eda permite un estudio estad\u00edstico avanzado de datos incluyendo la utilizaci\u00f3n de la inteligencia artificial en algunas de las t\u00e9cnicas del descubrimiento de informaci\u00f3n. Lo cual es un elemento que coopera a la gesti\u00f3n estrat\u00e9gica de la organizaci\u00f3n reflejada en una serie de teor\u00edas como los Cuadros de Mando Integral, los Tableros de control, etc., y otros, que hoy por hoy se han convertido en elementos fundamentales para garantizar que el nivel gerencial y ejecutivo est\u00e9 al tanto de la salud dentro de la organizaci\u00f3n y de su posicionamiento en el mercado.<\/p>\n<p>Precisamente los aspectos mencionados corresponden al \u00e1rea del conocimiento en la cual se enmarca la Maestr\u00eda en Inteligencia de Negocios la cual contribuye a dar respuesta a la ausencia de profesionales con alto grado de especializaci\u00f3n en competencias de esta \u00e1rea del conocimiento que se ha convertido en una necesidad primordial en el proceso de toma de decisiones en las organizaciones.<!--:--><!--:es--><\/p>\n<p style=\"text-align: justify;\">Es un componente neur\u00e1lgico de los Sistemas de Soporte a la Toma de Decisiones en las Organizaciones. Esta tecnolog\u00eda permite un estudio estad\u00edstico avanzado de datos incluyendo la utilizaci\u00f3n de la inteligencia artificial en algunas de las t\u00e9cnicas del descubrimiento de informaci\u00f3n. Lo cual es un elemento que coopera a la gesti\u00f3n estrat\u00e9gica de la organizaci\u00f3n reflejada en una serie de teor\u00edas como los Cuadros de Mando Integral, los Tableros de control, etc., y otros, que hoy por hoy se han convertido en elementos fundamentales para garantizar que el nivel gerencial y ejecutivo est\u00e9 al tanto de la salud dentro de la organizaci\u00f3n y de su posicionamiento en el mercado.<\/p>\n<p style=\"text-align: justify;\">Precisamente los aspectos mencionados corresponden al \u00e1rea del conocimiento en la cual se enmarca la Maestr\u00eda en Inteligencia de Negocios la cual contribuye a dar respuesta a la ausencia de profesionales con alto grado de especializaci\u00f3n en competencias de esta \u00e1rea del conocimiento que se ha convertido en una necesidad primordial en el proceso de toma de decisiones en las organizaciones.<\/p>\n<p><!--:--><\/p>\n","protected":false},"excerpt":{"rendered":"<p>Es un componente neur\u00e1lgico de los Sistemas de Soporte a la Toma de Decisiones en las Organizaciones. Esta tecnolog\u00eda permite un estudio estad\u00edstico avanzado de datos incluyendo la utilizaci\u00f3n de la inteligencia artificial en algunas de las t\u00e9cnicas del descubrimiento de informaci\u00f3n. Lo cual es un elemento que coopera a la gesti\u00f3n estrat\u00e9gica de la&#8230;<\/p>\n","protected":false},"author":1,"featured_media":0,"parent":0,"menu_order":2,"comment_status":"open","ping_status":"open","template":"","meta":{"footnotes":""},"class_list":["post-22","page","type-page","status-publish","hentry"],"_links":{"self":[{"href":"https:\/\/www.sebastianlondono.com\/index.php?rest_route=\/wp\/v2\/pages\/22","targetHints":{"allow":["GET"]}}],"collection":[{"href":"https:\/\/www.sebastianlondono.com\/index.php?rest_route=\/wp\/v2\/pages"}],"about":[{"href":"https:\/\/www.sebastianlondono.com\/index.php?rest_route=\/wp\/v2\/types\/page"}],"author":[{"embeddable":true,"href":"https:\/\/www.sebastianlondono.com\/index.php?rest_route=\/wp\/v2\/users\/1"}],"replies":[{"embeddable":true,"href":"https:\/\/www.sebastianlondono.com\/index.php?rest_route=%2Fwp%2Fv2%2Fcomments&post=22"}],"version-history":[{"count":5,"href":"https:\/\/www.sebastianlondono.com\/index.php?rest_route=\/wp\/v2\/pages\/22\/revisions"}],"predecessor-version":[{"id":94,"href":"https:\/\/www.sebastianlondono.com\/index.php?rest_route=\/wp\/v2\/pages\/22\/revisions\/94"}],"wp:attachment":[{"href":"https:\/\/www.sebastianlondono.com\/index.php?rest_route=%2Fwp%2Fv2%2Fmedia&parent=22"}],"curies":[{"name":"wp","href":"https:\/\/api.w.org\/{rel}","templated":true}]}}